{"id":25,"date":"2016-03-26T13:18:10","date_gmt":"2016-03-26T12:18:10","guid":{"rendered":"http:\/\/medynia-lancucka.osp.org.pl\/?page_id=25"},"modified":"2017-11-12T22:22:50","modified_gmt":"2017-11-12T21:22:50","slug":"jot","status":"publish","type":"page","link":"http:\/\/medynia-lancucka.osp.org.pl\/?page_id=25","title":{"rendered":"JOT"},"content":{"rendered":"<p><a href=\"http:\/\/medynia-lancucka.osp.org.pl\/wp-admin\/upload.php?item=791\">Regulamin JOT<\/a>\u00a0&#8211; do pobrania<\/p>\n<p><a href=\"http:\/\/medynia-lancucka.osp.org.pl\/wp-content\/uploads\/2016\/03\/Wytyczne-JOT.pdf\" rel=\"\">Wytyczne JOT<\/a>\u00a0&#8211; do pobrania<\/p>\n<p style=\"text-align: center;\"><strong>REGULAMIN ORGANIZACYJNY<\/strong><\/p>\n<p style=\"text-align: center;\"><strong>JEDNOSTKI OPERACYJNO-TECHNICZNEJ OSP<\/strong><\/p>\n<p style=\"text-align: center;\"><strong>w<\/strong> <strong>\u00a0Medyni \u0141a\u0144cuckiej<\/strong><\/p>\n<p style=\"text-align: center;\">zatwierdzony uchwa\u0142\u0105 Nr 6\/2017\u00a0 z dnia 7 listopada 2017 roku \u00a0Zarz\u0105du OSP w Medyni \u0141a\u0144cuckiej<\/p>\n<p>&nbsp;<\/p>\n<p>&nbsp;<\/p>\n<ol>\n<li><strong><u>CEL, ZASADY POWO\u0141ANIA I FUNKCJONOWANIA JOT.<\/u><\/strong>\n<ol>\n<li>Celem Jednostki Operacyjno \u2013 Technicznej OSP (zwanej w regulaminie JOT) jest udzia\u0142 w akcjach ratowniczych i zabezpieczaj\u0105cych przeprowadzanych w czasie po\u017car\u00f3w, kl\u0119sk \u017cywio\u0142owych, zagro\u017ce\u0144 ekologicznych, katastrof i innych zdarze\u0144 zagra\u017caj\u0105cych \u017cyciu, zdrowiu i mieniu oraz \u015brodowisku naturalnemu cz\u0142owieka.<\/li>\n<li>Wymienione w p-kcie 1 zadania JOT wykonuje zgodnie ze standardami i procedurami ustalonymi w odr\u0119bnych przepisach.<\/li>\n<li>Planowana kategoria JOT ustalana jest w gminnym i powiatowym planie ratowniczym w oparciu o wytyczne Prezydium Zarz\u0105du G\u0142\u00f3wnego ZOSP RP.<\/li>\n<li>OSP zabezpiecza JOT niezb\u0119dne wyposa\u017cenie w oparciu o \u015brodki finansowe uzyskane z bud\u017cetu gminy, ze \u015brodk\u00f3w w\u0142asnych oraz z bud\u017cetu pa\u0144stwa.<\/li>\n<\/ol>\n<\/li>\n<\/ol>\n<p>&nbsp;<\/p>\n<ol>\n<li><strong><u>ZADANIA I ZAKRES DZIA\u0141ANIA JOT.<\/u><\/strong>\n<ol>\n<li>Do podstawowych zada\u0144 JOT nale\u017cy:\n<ol>\n<li>udzia\u0142 w akcjach ratowniczych prowadzonych w czasie po\u017car\u00f3w, kl\u0119sk \u017cywio\u0142owych, zagro\u017ce\u0144 ekologicznych, katastrof i innych zagro\u017ce\u0144 miejscowych,<\/li>\n<li>rozpoznawanie zagro\u017ce\u0144 i wykonywanie czynno\u015bci zabezpieczaj\u0105cych uprzedzaj\u0105cych zdarzenia lub ograniczaj\u0105cych po\u015brednio ich skutki,<\/li>\n<li>utrzymanie w nale\u017cytym stanie posiadanego zaplecza logistycznego niezb\u0119dnego do dzia\u0142a\u0144 ratowniczych,<\/li>\n<li>utrzymanie w sprawno\u015bci i gotowo\u015bci bojowej posiadanego sprz\u0119tu i wyposa\u017cenia do dzia\u0142a\u0144 ratowniczych i zabezpieczaj\u0105cych,<\/li>\n<li>wsp\u00f3\u0142dzia\u0142anie z innymi s\u0142u\u017cbami i jednostkami ratowniczymi,<\/li>\n<li>prowadzenie szkolenia podstawowego i doskonal\u0105cego dla ratownik\u00f3w OSP oraz szkolenia uzupe\u0142niaj\u0105cego dla obs\u0142uguj\u0105cych sprz\u0119t specjalistyczny i ochronny,<\/li>\n<li>wsp\u00f3\u0142dzia\u0142anie w przegl\u0105dach prewencyjnych organizowanych przez gmin\u0119,<\/li>\n<li>wsp\u00f3\u0142dzia\u0142anie w rekrutacji i przygotowaniu nowych cz\u0142onk\u00f3w czynnych OSP do spo\u0142ecznej s\u0142u\u017cby ratowniczej,<\/li>\n<li>pomoc w realizacji innych zada\u0144 statutowych OSP.<\/li>\n<\/ol>\n<\/li>\n<li>Siedzib\u0105 JOT jest stra\u017cnica i inne obiekty u\u017cytkowane przez OSP.<\/li>\n<li>W\u0142asnym obszarem chronionym JOT jest <strong>Medynia \u0141a\u0144cucka i Pogwizd\u00f3w<\/strong><\/li>\n<\/ol>\n<\/li>\n<\/ol>\n<p>&nbsp;<\/p>\n<ul>\n<li><strong><u>KIEROWANIE JOT \u2013 OBOWI\u0104ZKI, UPRAWNIENIA I ODPOWIEDZIALNO\u015a\u0106 DOW\u00d3DC\u00d3W.<\/u><\/strong>\n<ol>\n<li>JOT kieruje jednoosobowo naczelnik OSP przy pomocy dow\u00f3dc\u00f3w ni\u017cszego szczebla: z-cy naczelnika, dow\u00f3dcy plutonu, dow\u00f3dcy sekcji.<\/li>\n<li>W czasie akcji ratowniczych naczelnik dowodzi dzia\u0142aniami JOT przy pomocy dow\u00f3dc\u00f3w za\u0142\u00f3g.<\/li>\n<li>W czasie nieobecno\u015bci naczelnika JOT kieruje zast\u0119pca naczelnika. Zast\u0119pca naczelnika w JOT w sile plutonu pe\u0142ni r\u00f3wnocze\u015bnie funkcj\u0119 dow\u00f3dcy plutonu.<br \/>\nW czasie nieobecno\u015bci naczelnika i jego zast\u0119pcy (d-cy plutonu) JOT kieruje wyznaczony przez naczelnika d-ca sekcji.<\/li>\n<\/ol>\n<\/li>\n<\/ul>\n<p>&nbsp;<\/p>\n<ol start=\"4\">\n<li><strong>Obowi\u0105zki, uprawnienia i odpowiedzialno\u015b\u0107 naczelnika OSP<\/strong><\/li>\n<\/ol>\n<p><strong><u>obowi\u0105zki:<\/u><\/strong><\/p>\n<ol>\n<li>kierowanie ca\u0142okszta\u0142tem dzia\u0142alno\u015bci JOT i nadz\u00f3r nad jej gotowo\u015bci\u0105 bojow\u0105,<\/li>\n<li>typowanie cz\u0142onk\u00f3w czynnych do sk\u0142adu osobowego JOT,<\/li>\n<li>dysponowanie si\u0142ami i \u015brodkami JOT,<\/li>\n<li>dowodzenie za\u0142ogami JOT w czasie dzia\u0142a\u0144 ratowniczych i zabezpieczaj\u0105cych,<\/li>\n<li>wsp\u00f3\u0142dzia\u0142anie na przydzielonym odcinku dzia\u0142a\u0144 z innymi s\u0142u\u017cbami i jednostkami ratowniczymi uczestnicz\u0105cymi w akcji,<\/li>\n<li>zapewnienie zg\u0142oszenia do w\u0142a\u015bciwego o\u015brodka dyspozycyjnego ka\u017cdego wyjazdu i powrotu za\u0142ogi JOT,<\/li>\n<li>dopilnowanie sporz\u0105dzenia wymaganej dokumentacji z udzia\u0142u JOT w akcjach ratowniczych i zabezpieczaj\u0105cych,<\/li>\n<li>zapewnienie natychmiastowego zg\u0142aszania do w\u0142a\u015bciwego o\u015brodka dyspozycyjnego niezdolno\u015bci do dzia\u0142a\u0144 za\u0142ogi JOT,<\/li>\n<li>nadzorowanie sprawno\u015bci oraz prawid\u0142owej eksploatacji i konserwacji sprz\u0119tu i wyposa\u017cenia JOT zgodnie z wymogami okre\u015blonymi w instrukcjach i innych dokumentach,<\/li>\n<li>planowanie szkolenia JOT oraz nadz\u00f3r nad realizacj\u0105 plan\u00f3w i zaj\u0119\u0107 szkoleniowych; udzia\u0142 bezpo\u015bredni w szkoleniu,<\/li>\n<li>nadz\u00f3r nad w\u0142a\u015bciwym zabezpieczeniem sprz\u0119tu i wyposa\u017cenia JOT przed kradzie\u017c\u0105,<\/li>\n<li>utrzymywanie dyscypliny organizacyjnej oraz dbanie o w\u0142a\u015bciw\u0105 atmosfer\u0119 i kole\u017ce\u0144stwo,<\/li>\n<li>nadz\u00f3r nad przestrzeganiem bhp oraz badaniami lekarskimi ratownik\u00f3w OSP,<\/li>\n<li>informowanie Zarz\u0105du OSP o problemach organizacyjnych i sprz\u0119towych JOT oraz wnioskowanie sposobu ich usuni\u0119cia,<\/li>\n<li>dokumentowanie dzia\u0142alno\u015bci JOT w ksi\u0105\u017cce naczelnika OSP i innych wymaganych dokumentach.<\/li>\n<\/ol>\n<p><strong><u>uprawnienia<\/u>:<\/strong><\/p>\n<ol>\n<li>dysponowanie si\u0142ami i \u015brodkami JOT,<\/li>\n<li>kierowanie (dowodzenie) jednoosobowo JOT w formie decyzji, polece\u0144 i rozkaz\u00f3w,<\/li>\n<li>mianowanie dow\u00f3dc\u00f3w pododdzia\u0142\u00f3w (plutonu, sekcji),<\/li>\n<li>udzielanie wyr\u00f3\u017cnie\u0144 i kar statutowych ratownikom OSP,<\/li>\n<li>zawieszenie cz\u0142onka JOT w przypadku braku czynnego udzia\u0142u w akcjach ratowniczo-ga\u015bniczych, \u0107wiczeniach i szkoleniach z powodu wyjazdu za granic\u0119, na delegacj\u0119, wykonywana prac\u0105, zaj\u0119ciami \u00a0\u00a0\u00a0\u00a0\u00a0\u00a0\u00a0\u00a0\u00a0\u00a0i z innych przyczyn nie zale\u017cnych od niego samego lub na wniosek cz\u0142onka JOT.<\/li>\n<li>skre\u015blenie z listy JOT w przypadku braku czynnego udzia\u0142u w akcjach ratowniczo-ga\u015bniczych, \u0107wiczeniach i szkoleniach oraz braku podejmowania dzia\u0142a\u0144 zmierzaj\u0105cych do uzyskania pozytywnego orzeczenia lekarskiego uprawniaj\u0105cego do brania udzia\u0142u w akcjach ratowniczo-ga\u015bniczych lub na wniosek cz\u0142onka JOT.<\/li>\n<li>przekazanie cz\u0119\u015bci swoich obowi\u0105zk\u00f3w zast\u0119pcy oraz innym dow\u00f3dcom funkcjonuj\u0105cym w strukturze JOT,<\/li>\n<li>pe\u0142nienie funkcji wiceprezesa OSP,<\/li>\n<li>inne uprawnienia wynikaj\u0105ce z przepis\u00f3w oraz statutu OSP i statutu Zwi\u0105zku OSP.<\/li>\n<\/ol>\n<p><strong><u>odpowiedzialno\u015b\u0107:<\/u><\/strong><\/p>\n<p>Naczelnik OSP ponosi odpowiedzialno\u015b\u0107 statutow\u0105 za przygotowanie do dzia\u0142a\u0144, gotowo\u015b\u0107 bojow\u0105 i sprawno\u015b\u0107 JOT, a tak\u017ce zapewnienie na miar\u0119 posiadanych mo\u017cliwo\u015bci bezpiecze\u0144stwa ratownik\u00f3w OSP. Odpowiednio do powierzonych zada\u0144 i odpowiedzialno\u015bci naczelnik OSP powinien dysponowa\u0107 niezb\u0119dnymi \u015brodkami wykonawczymi.<\/p>\n<p>&nbsp;<\/p>\n<ol start=\"5\">\n<li><strong>Obowi\u0105zki, uprawnienia i odpowiedzialno\u015b\u0107 zast\u0119pcy naczelnika OSP \u2013 dow\u00f3dcy plutonu<\/strong><\/li>\n<\/ol>\n<p><strong>\u00a0<\/strong><\/p>\n<ol>\n<li>do pomocy w realizacji zada\u0144 naczelnika OSP, zarz\u0105d OSP wybiera zast\u0119pc\u0119 naczelnika , kt\u00f3ry mo\u017ce by\u0107 zarazem dow\u00f3dc\u0105 plutonu lub dow\u00f3dc\u0105 sekcji,<\/li>\n<li>zast\u0119pca naczelnika zast\u0119puje naczelnika podczas jego nieobecno\u015bci w kierowaniu (dowodzeniu) za\u0142ogami JOT w czasie dzia\u0142a\u0144 ratowniczych i zabezpieczaj\u0105cych,<\/li>\n<li>z-ca naczelnika wykonuje inne zadania organizacyjne i operacyjno-techniczne powierzone przez naczelnika OSP w uzgodnieniu z zarz\u0105dem OSP,<\/li>\n<li>z-ca naczelnika ponosi odpowiedzialno\u015b\u0107 statutow\u0105 za wykonywanie powierzonych zada\u0144,<\/li>\n<li>odpowiednio do powierzonych zada\u0144 i odpowiedzialno\u015bci z-ca naczelnika powinien uzyska\u0107 niezb\u0119dne uprawnienia i \u015brodki wykonawcze.<\/li>\n<\/ol>\n<p>&nbsp;<\/p>\n<ol start=\"6\">\n<li><strong>Obowi\u0105zki, uprawnienia i odpowiedzialno\u015b\u0107 dow\u00f3dcy plutonu i dow\u00f3dcy sekcji<\/strong><\/li>\n<\/ol>\n<p><strong>\u00a0<\/strong><\/p>\n<p><strong><u>obowi\u0105zki:<\/u><\/strong><\/p>\n<ol>\n<li>kierowanie podleg\u0142ymi pododdzia\u0142ami (plutonem, sekcj\u0105) w trakcie bie\u017c\u0105cej dzia\u0142alno\u015bci,<\/li>\n<li>ustalanie za\u0142\u00f3g (obsad osobowych) obs\u0142uguj\u0105cych przydzielony podleg\u0142emu pododdzia\u0142owi sprz\u0119t.<\/li>\n<li>dowodzenie za\u0142ogami JOT w czasie dzia\u0142a\u0144 ratowniczych i zabezpieczaj\u0105cych,<\/li>\n<li>wsp\u00f3\u0142dzia\u0142anie na przydzielonym odcinku dzia\u0142a\u0144 z innymi s\u0142u\u017cbami i jednostkami ratowniczymi uczestnicz\u0105cymi w akcji,<\/li>\n<li>prowadzenie szkolenia w podleg\u0142ym pododdziale zgodnie z wewn\u0119trznymi ustaleniami i poleceniami naczelnika OSP,<\/li>\n<li>nadzorowanie sprawno\u015bci oraz prawid\u0142owej eksploatacji i konserwacji sprz\u0119tu i wyposa\u017cenia przydzielonego podleg\u0142emu pododdzia\u0142owi (plutonowi, sekcji),<\/li>\n<li>utrzymanie dyscypliny oraz dbanie o w\u0142a\u015bciw\u0105 atmosfer\u0119 i kole\u017ce\u0144stwo w podleg\u0142ym pododdziale (plutonie, sekcji),<\/li>\n<li>informowanie naczelnika OSP o brakach i niedoci\u0105gni\u0119ciach w podleg\u0142ym pododdziale (plutonie, sekcji) i wnioskowanie sposobu ich usuni\u0119cia,<\/li>\n<li>nadzorowanie utrzymania porz\u0105dku i czysto\u015bci na terenie i w obiektach przydzielonych podleg\u0142emu pododdzia\u0142owi (plutonowi, sekcji),<\/li>\n<li>sporz\u0105dzanie i prowadzenie niezb\u0119dnej dokumentacji ustalonej przez naczelnika OSP.<\/li>\n<\/ol>\n<p>&nbsp;<\/p>\n<p><strong><u>uprawnienia<\/u>:<\/strong><\/p>\n<ol>\n<li>dowodzenie za\u0142ogami JOT w czasie dzia\u0142a\u0144 ratowniczych i zabezpieczaj\u0105cych,<\/li>\n<li>kierowanie dzia\u0142alno\u015bci\u0105 JOT z upowa\u017cnienia naczelnika OSP<\/li>\n<li>wnioskowanie o udzielanie wyr\u00f3\u017cnie\u0144 i kar ratownikom OSP wchodz\u0105cym w sk\u0142ad podleg\u0142ego pododdzia\u0142u,<\/li>\n<li>inne uprawnienia wynikaj\u0105ce z przepis\u00f3w prawnych oraz statutu OSP i statutu Zwi\u0105zku OSP RP<\/li>\n<\/ol>\n<p>&nbsp;<\/p>\n<p><strong><u>odpowiedzialno\u015b\u0107<\/u>:<\/strong><\/p>\n<p>Dow\u00f3dca plutonu i dow\u00f3dca sekcji ponosz\u0105 odpowiedzialno\u015b\u0107 statutow\u0105 za wykonywanie powierzonych im zada\u0144 i obowi\u0105zk\u00f3w.<\/p>\n<p>&nbsp;<\/p>\n<ol start=\"7\">\n<li><strong>Obowi\u0105zki, uprawnienia i odpowiedzialno\u015b\u0107 dow\u00f3dcy za\u0142ogi <\/strong><\/li>\n<\/ol>\n<p><strong>\u00a0<\/strong><\/p>\n<p><strong><u>obowi\u0105zki:<\/u><\/strong><\/p>\n<ol>\n<li>wykonywanie rozkaz\u00f3w i polece\u0144 naczelnika OSP, jego zast\u0119pcy, dow\u00f3dcy plutonu i dow\u00f3dcy sekcji,<\/li>\n<li>sprawdzanie sprawno\u015bci sprz\u0119tu i wyposa\u017cenia obs\u0142ugiwanego przez za\u0142og\u0119<\/li>\n<li>zg\u0142aszanie do o\u015brodka dyspozycyjnego wyjazdu za\u0142ogi do akcji oraz na \u0107wiczenia i inne zaj\u0119cia,<\/li>\n<li>nadz\u00f3r nad bezpiecznym dojazdem za\u0142ogi i natychmiastowe powiadomienie o\u015brodka dyspozycyjnego o zaistnia\u0142ym wypadku lub inne przeszkodzie w dotarciu na miejsce akcji,<\/li>\n<li>zameldowanie kieruj\u0105cemu akcj\u0105 przybycia za\u0142ogi z podaniem jej wyposa\u017cenia sprz\u0119towego,<\/li>\n<li>dowodzenie za\u0142og\u0105 na przydzielonym odcinku w spos\u00f3b zapewniaj\u0105cy wykonanie powierzonego przez kieruj\u0105cego akcj\u0105 zadania,<\/li>\n<li>wsp\u00f3\u0142dzia\u0142anie z innymi za\u0142ogami dzia\u0142aj\u0105cymi na odcinku bojowym,<\/li>\n<li>utrzymywanie ustalonej \u0142\u0105czno\u015bci na miejscu akcji oraz z o\u015brodkiem dyspozycyjnym,<\/li>\n<li>zapewnienie na miar\u0119 posiadanych mo\u017cliwo\u015bci bezpiecze\u0144stwa cz\u0142onkom za\u0142ogi uczestnicz\u0105cym w akcji,<\/li>\n<li>zameldowanie nadrz\u0119dnemu dow\u00f3dcy lub kieruj\u0105cemu akcj\u0105 wykonania zadania i po uzyskaniu zgody zapewnienie bezpiecznego powrotu za\u0142ogi do stra\u017cnicy,<\/li>\n<li>zameldowanie o\u015brodkowi dyspozycyjnemu oraz naczelnikowi OSP o powrocie za\u0142ogi z akcji, \u0107wicze\u0144, itp.<\/li>\n<li>dopilnowanie doprowadzenia do sprawno\u015bci sprz\u0119tu i wyposa\u017cenia za\u0142ogi i zameldowanie o tym o\u015brodkowi dyspozycyjnemu,<\/li>\n<li>sporz\u0105dzenie ustalonej (wymaganej) dokumentacji z udzia\u0142u za\u0142ogi w akcji, \u0107wiczeniach itp. dzia\u0142aniach.<\/li>\n<\/ol>\n<p>&nbsp;<\/p>\n<p><strong><u>uprawnienia<\/u>:<\/strong><\/p>\n<ol>\n<li>dowodzenie podleg\u0142\u0105 za\u0142og\u0105 poprzez wydawanie rozkaz\u00f3w i polece\u0144,<\/li>\n<li>inne uprawnienia wynikaj\u0105ce z przepis\u00f3w prawnych, statutu i regulamin\u00f3w OSP i Zwi\u0105zku OSP RP.<\/li>\n<\/ol>\n<p>&nbsp;<\/p>\n<p><strong><u>odpowiedzialno\u015b\u0107<\/u>:<\/strong><\/p>\n<p>Dow\u00f3dca za\u0142ogi odpowiada za sprawno\u015b\u0107 i gotowo\u015b\u0107 bojow\u0105 za\u0142ogi i przydzielonego jej sprz\u0119tu oraz maksymalnie sprawne wykonanie powierzonego zadania. Odpowiada tak\u017ce, za zdyscyplinowanie podleg\u0142ej za\u0142ogi.<\/p>\n<p>&nbsp;<\/p>\n<ol>\n<li><strong>IV. <\/strong><strong><u>OBOWI\u0104ZKI, UPRAWNIENIA I ODPOWIEDZIALNO\u015a\u0106 RATOWNIK\u00d3W OSP WCHODZ\u0104CYCH W SK\u0141AD JOT<\/u><\/strong><\/li>\n<\/ol>\n<p><strong>\u00a0<\/strong><\/p>\n<p><strong><u>obowi\u0105zki:<\/u><\/strong><\/p>\n<ol>\n<li>wykonywa\u0107 rozkazy i polecenia dow\u00f3dc\u00f3w oraz przestrzega\u0107 wymaganej dyscypliny,<\/li>\n<li>przyby\u0107 niezw\u0142ocznie do wyznaczonego miejsca na zarz\u0105dzony alarm lub inne wezwanie,<\/li>\n<li>sprawdzi\u0107 sprz\u0119t i wyposa\u017cenie przydzielone do obs\u0142ugi; po akcji doprowadzi\u0107 je do mo\u017cliwo\u015bci ponownego u\u017cycia,<\/li>\n<li>w\u0142o\u017cy\u0107 maksimum wysi\u0142ku i zaanga\u017cowania w wykonanie powierzonego zadania bojowego,<\/li>\n<li>uzyska\u0107 niezb\u0119dne wyszkolenie podstawowe i uzupe\u0142niaj\u0105ce oraz doskonali\u0107 wiedz\u0119 i umiej\u0119tno\u015bci stra\u017cackie,<\/li>\n<li>przestrzega\u0107 zasady i przepisy BHP,<\/li>\n<li>podda\u0107 si\u0119 badaniom lekarskim okre\u015blaj\u0105cym przydatno\u015b\u0107 do spo\u0142ecznej s\u0142u\u017cby stra\u017cackiej,<\/li>\n<li>dba\u0107 o powierzony sprz\u0119t i wyposa\u017cenie oraz mienie OSP,<\/li>\n<li>dba\u0107 o dobre imi\u0119 OSP oraz wykazywa\u0107 si\u0119 kole\u017ce\u0144stwem i zrozumieniem wobec koleg\u00f3w.<\/li>\n<\/ol>\n<p>&nbsp;<\/p>\n<p><strong><u>uprawnienia:<\/u><\/strong><\/p>\n<ol>\n<li>zapewnienie bada\u0144 lekarskich dopuszczaj\u0105cych do pe\u0142nienia spo\u0142ecznej stra\u017cackiej s\u0142u\u017cby,<\/li>\n<li>zapewnienie niezb\u0119dnych \u015brodk\u00f3w ochrony osobistej,<\/li>\n<li>wyp\u0142acenie ustalonego ekwiwalentu pieni\u0119\u017cnego za udzia\u0142 w akcjach i \u0107wiczeniach,<\/li>\n<li>ochrona prawna w czasie wykonywanie zada\u0144 i obowi\u0105zk\u00f3w ratownika OSP,<\/li>\n<li>\u015bwiadczenie odszkodowawcze z tytu\u0142u wypadku w czasie dzia\u0142a\u0144 ratowniczych i \u0107wicze\u0144,<\/li>\n<li>ubezpieczenie od wypadk\u00f3w zaistnia\u0142ych w czasie wykonywania zada\u0144 statutowych,<\/li>\n<li>zapewnienie umundurowania i dystynkcji zwi\u0105zanych z pe\u0142nion\u0105 funkcj\u0105,<\/li>\n<li>od decyzji naczelnika w sprawie, zawieszenia i skre\u015blenia z listy cz\u0142onka JOT o kt\u00f3rej mowa w uprawnieniach naczelnika, cz\u0142onek JOT mo\u017ce odwo\u0142a\u0107 si\u0119 w terminie 14 dni kalendarzowych od dnia otrzymania decyzji o zawieszeniu, skre\u015bleniu\u00a0 do zarz\u0105du OSP, kt\u00f3rego decyzja \u00a0jest ostateczna.<\/li>\n<li>osoba skre\u015blona z listy JOT, mo\u017ce ubiega\u0107 si\u0119 o ponowne przyj\u0119cie do JOT nie wcze\u015bniej ni\u017c po up\u0142ywie 1 roku od otrzymania decyzji o skre\u015bleniu, po z\u0142o\u017ceniu pisemnej deklaracji udzia\u0142u w akcjach-ratowniczo ga\u015bniczych, \u0107wiczeniach, szkoleniach.<\/li>\n<li>osoba zawieszona w JOT po ustaniu okoliczno\u015bci o kt\u00f3rych mowa\u00a0\u00a0\u00a0\u00a0\u00a0\u00a0\u00a0\u00a0\u00a0\u00a0\u00a0\u00a0\u00a0\u00a0\u00a0\u00a0\u00a0\u00a0\u00a0\u00a0\u00a0 w art. III pt. 4.2 e\u00a0 Regulaminu Organizacyjnego JOT w Medyni \u0141a\u0144cuckiej mo\u017ce ubiega\u0107 si\u0119 o odwieszenie, \u00a0po z\u0142o\u017ceniu Naczelnikowi ustnej deklaracji brania czynnego udzia\u0142u w akcjach ratowniczo-ga\u015bniczych, \u0107wiczeniach, szkoleniach.<\/li>\n<li>inne uprawnienia wynikaj\u0105ce z przepis\u00f3w prawnych oraz statutu OSP i statutu Zwi\u0105zku OSP RP.<\/li>\n<\/ol>\n<p>&nbsp;<\/p>\n<p><strong><u>odpowiedzialno\u015b\u0107:<\/u><\/strong><\/p>\n<ol>\n<li>ratownik OSP ponosi odpowiedzialno\u015b\u0107 statutow\u0105 za wykonywanie powierzonych zada\u0144 i obowi\u0105zk\u00f3w oraz przestrzeganie dyscypliny organizacyjnej i postanowie\u0144 niniejszego regulaminu,<\/li>\n<li>ratownik OSP b\u0119d\u0105cy zarazem kierowc\u0105 samochodu po\u017carniczego lub uprawnionym do prowadzenia innego \u015brodka transportu jest odpowiedzialny za:\n<ul>\n<li>sprawno\u015b\u0107 powierzonego mu \u015brodka transportu,<\/li>\n<li>zachowanie niezb\u0119dnej ostro\u017cno\u015bci w czasie jazdy do akcji oraz podczas innych wyjazd\u00f3w,<\/li>\n<li>obs\u0142ug\u0119 w czasie akcji \u015brodka transportu i zainstalowanych w nim urz\u0105dze\u0144 w spos\u00f3b zapewniaj\u0105cy sprawne wykonanie zadania oraz bezpiecze\u0144stwo ratownik\u00f3w,<\/li>\n<li>doprowadzenie \u015brodka transportu i jego urz\u0105dze\u0144 po powrocie z akcji do ponownej sprawno\u015bci,<\/li>\n<li>utrzymanie powierzonego \u015brodka transportu w nale\u017cytej czysto\u015bci i konserwacji,<\/li>\n<li>zg\u0142oszenie naczelnikowi OSP up\u0142ywu terminu wa\u017cno\u015bci dokument\u00f3w dopuszczaj\u0105cych sprz\u0119t do u\u017cytkowania.<\/li>\n<\/ul>\n<\/li>\n<\/ol>\n<p>&nbsp;<\/p>\n<p><strong><u>uwagi:<\/u><\/strong><\/p>\n<ol>\n<li>a) osoba\u00a0 skre\u015blona i zawieszona nie figuruje w ewidencji JOT jak i w ewidencji SWD-ST w\u00a0 PSP\u00a0 \u0141a\u0144cucie<\/li>\n<\/ol>\n<p>&nbsp;<\/p>\n<ol>\n<li><strong><u>WYMAGANIA STAWIANE RATOWNIKOM OSP POWO\u0141ANYM DO JOT.<\/u><\/strong><\/li>\n<\/ol>\n<p>&nbsp;<\/p>\n<ol>\n<li>Wiek 18 \u2013 65 lat.<\/li>\n<li>Wykszta\u0142cenie, co najmniej pe\u0142ne podstawowe.<\/li>\n<li>Dobry stan zdrowia potwierdzony za\u015bwiadczeniem lekarskim o dopuszczeniu do spo\u0142ecznej s\u0142u\u017cby ratowniczej.<\/li>\n<li>Cechy osobiste:<\/li>\n<\/ol>\n<ol>\n<li>odporno\u015b\u0107 na stres \u2013 opanowanie i spok\u00f3j w sytuacjach trudnych,<\/li>\n<li>zdyscyplinowanie i zaanga\u017cowanie oraz poczucie odpowiedzialno\u015bci,<\/li>\n<li>zdolno\u015b\u0107 podejmowania szybkich decyzji,<\/li>\n<li>stanowczo\u015b\u0107 i konsekwencja w realizacji powierzonego zadania,<\/li>\n<li>kole\u017ce\u0144stwo i kultura osobista oraz wra\u017cliwo\u015b\u0107 na nieszcz\u0119\u015bcie ludzkie.\n<ol start=\"5\">\n<li>Wyszkolenie po\u017carnicze:<\/li>\n<\/ol>\n<\/li>\n<li>podstawowe stra\u017caka ratownika<\/li>\n<li>uzupe\u0142niaj\u0105ce w zwi\u0105zku z pe\u0142nion\u0105 funkcj\u0105 lub obs\u0142ug\u0105 specjalistycznego sprz\u0119tu<\/li>\n<li>samokszta\u0142cenie doskonal\u0105ce.<\/li>\n<\/ol>\n","protected":false},"excerpt":{"rendered":"<p>Regulamin JOT\u00a0&#8211; do pobrania Wytyczne JOT\u00a0&#8211; do pobrania REGULAMIN ORGANIZACYJNY JEDNOSTKI OPERACYJNO-TECHNICZNEJ OSP w \u00a0Medyni \u0141a\u0144cuckiej zatwierdzony uchwa\u0142\u0105 Nr 6\/2017\u00a0<\/p>\n","protected":false},"author":1,"featured_media":0,"parent":0,"menu_order":0,"comment_status":"open","ping_status":"open","template":"","meta":[],"_links":{"self":[{"href":"http:\/\/medynia-lancucka.osp.org.pl\/index.php?rest_route=\/wp\/v2\/pages\/25"}],"collection":[{"href":"http:\/\/medynia-lancucka.osp.org.pl\/index.php?rest_route=\/wp\/v2\/pages"}],"about":[{"href":"http:\/\/medynia-lancucka.osp.org.pl\/index.php?rest_route=\/wp\/v2\/types\/page"}],"author":[{"embeddable":true,"href":"http:\/\/medynia-lancucka.osp.org.pl\/index.php?rest_route=\/wp\/v2\/users\/1"}],"replies":[{"embeddable":true,"href":"http:\/\/medynia-lancucka.osp.org.pl\/index.php?rest_route=%2Fwp%2Fv2%2Fcomments&post=25"}],"version-history":[{"count":6,"href":"http:\/\/medynia-lancucka.osp.org.pl\/index.php?rest_route=\/wp\/v2\/pages\/25\/revisions"}],"predecessor-version":[{"id":792,"href":"http:\/\/medynia-lancucka.osp.org.pl\/index.php?rest_route=\/wp\/v2\/pages\/25\/revisions\/792"}],"wp:attachment":[{"href":"http:\/\/medynia-lancucka.osp.org.pl\/index.php?rest_route=%2Fwp%2Fv2%2Fmedia&parent=25"}],"curies":[{"name":"wp","href":"https:\/\/api.w.org\/{rel}","templated":true}]}}