{"id":63,"date":"2016-03-26T13:19:29","date_gmt":"2016-03-26T12:19:29","guid":{"rendered":"http:\/\/medynia-lancucka.osp.org.pl\/?page_id=63"},"modified":"2016-03-26T15:04:38","modified_gmt":"2016-03-26T14:04:38","slug":"1-pdatku","status":"publish","type":"page","link":"http:\/\/medynia-lancucka.osp.org.pl\/?page_id=63","title":{"rendered":"1% Podatku"},"content":{"rendered":"<p><strong>1% PODATKU na sprz\u0119t dla OSP MEDYNIA \u0141A\u0143CUCKA<\/strong><br \/>\nDrodzy sympatycy ochotniczego po\u017carnictwa. Zarz\u0105d OSP w Medyni \u0141a\u0144cuckiej zwraca si\u0119 do Pa\u0144stwa z pro\u015bb\u0105 o przekazanie 1% podatku na rzecz Ochotniczej Stra\u017cy Po\u017carnej w Medyni \u0141a\u0144cuckiej. W\/w 1% podatku przeznaczony mo\u017ce by\u0107 tylko i wy\u0142\u0105cznie na ubrania specjalne i sprz\u0119t po\u017carniczy &#8211; a co najwa\u017cniejsze- sprz\u0119t ten b\u0119dzie bezpo\u015brednio Wam s\u0142u\u017cy\u0142 w razie potrzeby. Dzi\u0119kujemy.<br \/>\nKRS; 0000116212<br \/>\nCel szczeg\u00f3\u0142owy 1%: OSP Medynia \u0141a\u0144cucka, 37-126 Medynia G\u0142ogowska<\/p>\n","protected":false},"excerpt":{"rendered":"<p>1% PODATKU na sprz\u0119t dla OSP MEDYNIA \u0141A\u0143CUCKA Drodzy sympatycy ochotniczego po\u017carnictwa. Zarz\u0105d OSP w Medyni \u0141a\u0144cuckiej zwraca si\u0119 do<\/p>\n","protected":false},"author":1,"featured_media":6,"parent":0,"menu_order":0,"comment_status":"closed","ping_status":"closed","template":"","meta":[],"_links":{"self":[{"href":"http:\/\/medynia-lancucka.osp.org.pl\/index.php?rest_route=\/wp\/v2\/pages\/63"}],"collection":[{"href":"http:\/\/medynia-lancucka.osp.org.pl\/index.php?rest_route=\/wp\/v2\/pages"}],"about":[{"href":"http:\/\/medynia-lancucka.osp.org.pl\/index.php?rest_route=\/wp\/v2\/types\/page"}],"author":[{"embeddable":true,"href":"http:\/\/medynia-lancucka.osp.org.pl\/index.php?rest_route=\/wp\/v2\/users\/1"}],"replies":[{"embeddable":true,"href":"http:\/\/medynia-lancucka.osp.org.pl\/index.php?rest_route=%2Fwp%2Fv2%2Fcomments&post=63"}],"version-history":[{"count":2,"href":"http:\/\/medynia-lancucka.osp.org.pl\/index.php?rest_route=\/wp\/v2\/pages\/63\/revisions"}],"predecessor-version":[{"id":82,"href":"http:\/\/medynia-lancucka.osp.org.pl\/index.php?rest_route=\/wp\/v2\/pages\/63\/revisions\/82"}],"wp:featuredmedia":[{"embeddable":true,"href":"http:\/\/medynia-lancucka.osp.org.pl\/index.php?rest_route=\/wp\/v2\/media\/6"}],"wp:attachment":[{"href":"http:\/\/medynia-lancucka.osp.org.pl\/index.php?rest_route=%2Fwp%2Fv2%2Fmedia&parent=63"}],"curies":[{"name":"wp","href":"https:\/\/api.w.org\/{rel}","templated":true}]}}