{"id":75,"date":"2016-03-26T13:59:02","date_gmt":"2016-03-26T12:59:02","guid":{"rendered":"http:\/\/medynia-lancucka.osp.org.pl\/?page_id=75"},"modified":"2021-03-10T21:51:02","modified_gmt":"2021-03-10T20:51:02","slug":"kontakt","status":"publish","type":"page","link":"http:\/\/medynia-lancucka.osp.org.pl\/?page_id=75","title":{"rendered":"Kontakt"},"content":{"rendered":"<h4><strong>Kontakt:<\/strong><\/h4>\n<h4>Ochotnicza Stra\u017c Po\u017carna w Medyni \u0141a\u0144cuckiej<\/h4>\n<h4><strong>Prezes<\/strong><\/h4>\n<h4>Tel: 667333302<\/h4>\n<h4><strong>Naczelnik<\/strong><\/h4>\n<h4>Tel: 535095965<\/h4>\n<h4><strong>Remiza<\/strong><\/h4>\n<h4>Tel: 17\u00a0 7724998<\/h4>\n<h4>Tel: 733845738<\/h4>\n<h4>email:\u00a0 ospmedynialancucka@gmail.com<\/h4>\n<h4><strong>Adres:<\/strong><\/h4>\n<h4>Ochotnicza Stra\u017c Po\u017carna w Medyni \u0141a\u0144cuckiej<\/h4>\n<h4>37-126 Pogwizd\u00f3w 403<\/h4>\n<h4>woj. Podkarpackie<\/h4>\n","protected":false},"excerpt":{"rendered":"<p>Kontakt: Ochotnicza Stra\u017c Po\u017carna w Medyni \u0141a\u0144cuckiej Prezes Tel: 667333302 Naczelnik Tel: 535095965 Remiza Tel: 17\u00a0 7724998 Tel: 733845738 email:\u00a0<\/p>\n","protected":false},"author":1,"featured_media":0,"parent":0,"menu_order":0,"comment_status":"closed","ping_status":"closed","template":"","meta":[],"_links":{"self":[{"href":"http:\/\/medynia-lancucka.osp.org.pl\/index.php?rest_route=\/wp\/v2\/pages\/75"}],"collection":[{"href":"http:\/\/medynia-lancucka.osp.org.pl\/index.php?rest_route=\/wp\/v2\/pages"}],"about":[{"href":"http:\/\/medynia-lancucka.osp.org.pl\/index.php?rest_route=\/wp\/v2\/types\/page"}],"author":[{"embeddable":true,"href":"http:\/\/medynia-lancucka.osp.org.pl\/index.php?rest_route=\/wp\/v2\/users\/1"}],"replies":[{"embeddable":true,"href":"http:\/\/medynia-lancucka.osp.org.pl\/index.php?rest_route=%2Fwp%2Fv2%2Fcomments&post=75"}],"version-history":[{"count":7,"href":"http:\/\/medynia-lancucka.osp.org.pl\/index.php?rest_route=\/wp\/v2\/pages\/75\/revisions"}],"predecessor-version":[{"id":1688,"href":"http:\/\/medynia-lancucka.osp.org.pl\/index.php?rest_route=\/wp\/v2\/pages\/75\/revisions\/1688"}],"wp:attachment":[{"href":"http:\/\/medynia-lancucka.osp.org.pl\/index.php?rest_route=%2Fwp%2Fv2%2Fmedia&parent=75"}],"curies":[{"name":"wp","href":"https:\/\/api.w.org\/{rel}","templated":true}]}}